{"id":648,"date":"2020-10-26T21:15:46","date_gmt":"2020-10-26T18:15:46","guid":{"rendered":"https:\/\/startertemplatecloud.com\/e02\/?post_type=product&#038;p=648"},"modified":"2024-02-16T11:43:53","modified_gmt":"2024-02-16T11:43:53","slug":"mug-bheart","status":"publish","type":"product","link":"https:\/\/app.dekushop.com\/?product=mug-bheart","title":{"rendered":"Dr. Rauwald &#8211; Sanidin Fresh 1 Liter"},"content":{"rendered":"<p>Lorem ipsum dolor sit amet, consectetur adipiscing elit. Suspendisse felis erat, placerat a tortor quis, egestas vehicula orci. Nulla ut massa id felis lacinia sollicitudin. Cras non eleifend odio. Donec elementum dolor in ex gravida accumsan. In hac habitasse platea dictumst. Cras id luctus lectus, a bibendum ex. Vestibulum ornare commodo turpis at ullamcorper. Sed convallis nulla sed mi volutpat pretium. Nunc mollis id quam eget molestie. Nulla ac metus eros. Nullam aliquet lacus nisi, sed blandit massa ornare vel.<\/p>\n","protected":false},"excerpt":{"rendered":"<p><strong>Sanidin Fresh 1L<\/strong><\/p>\n<p>F\u00fcr den gesamten Sanit\u00e4rbereich mit Doppelwirkung: L\u00f6st fettige und mineralische Verschmutzungen gleichzeitig und gr\u00fcndlich. Geeignet f\u00fcr s\u00e4urebest\u00e4ndige Fl\u00e4chen, materialschonend, da frei von Salzs\u00e4ure. Bringt frischen Duft und Glanz ins Bad.<\/p>\n<p><strong>Einsatzbereiche<\/strong><\/p>\n<p>Sanit\u00e4rbereich<\/p>\n<p>Sanit\u00e4robjekte, Kachel, Fliesen, Fu\u00dfboden<\/p>\n<p>Schwimmb\u00e4der<\/p>\n<p>Randbereiche, geleerte Becken<\/p>\n<p><strong>Verwendungshinweise<\/strong><\/p>\n<p>Kurz einwirken lassen und dann gut absp\u00fclen. Nicht auf Marmor anwenden! Das Tragen von Schutzhandschuhen wird empfohlen.<\/p>\n","protected":false},"featured_media":1154,"comment_status":"open","ping_status":"closed","template":"","meta":[],"product_cat":[17],"product_tag":[],"class_list":{"0":"post-648","1":"product","2":"type-product","3":"status-publish","4":"has-post-thumbnail","6":"product_cat-mug","8":"first","9":"instock","10":"featured","11":"shipping-taxable","12":"purchasable","13":"product-type-simple"},"_links":{"self":[{"href":"https:\/\/app.dekushop.com\/index.php?rest_route=\/wp\/v2\/product\/648","targetHints":{"allow":["GET"]}}],"collection":[{"href":"https:\/\/app.dekushop.com\/index.php?rest_route=\/wp\/v2\/product"}],"about":[{"href":"https:\/\/app.dekushop.com\/index.php?rest_route=\/wp\/v2\/types\/product"}],"replies":[{"embeddable":true,"href":"https:\/\/app.dekushop.com\/index.php?rest_route=%2Fwp%2Fv2%2Fcomments&post=648"}],"wp:featuredmedia":[{"embeddable":true,"href":"https:\/\/app.dekushop.com\/index.php?rest_route=\/wp\/v2\/media\/1154"}],"wp:attachment":[{"href":"https:\/\/app.dekushop.com\/index.php?rest_route=%2Fwp%2Fv2%2Fmedia&parent=648"}],"wp:term":[{"taxonomy":"product_cat","embeddable":true,"href":"https:\/\/app.dekushop.com\/index.php?rest_route=%2Fwp%2Fv2%2Fproduct_cat&post=648"},{"taxonomy":"product_tag","embeddable":true,"href":"https:\/\/app.dekushop.com\/index.php?rest_route=%2Fwp%2Fv2%2Fproduct_tag&post=648"}],"curies":[{"name":"wp","href":"https:\/\/api.w.org\/{rel}","templated":true}]}}